{"id":744,"date":"2023-03-06T12:55:40","date_gmt":"2023-03-06T12:55:40","guid":{"rendered":"https:\/\/goalive.se\/?page_id=744"},"modified":"2023-11-09T16:49:04","modified_gmt":"2023-11-09T16:49:04","slug":"kontakta-mig","status":"publish","type":"page","link":"https:\/\/goalive.se\/en\/kontakta-mig\/","title":{"rendered":"Contact me"},"content":{"rendered":"<div data-elementor-type=\"wp-page\" data-elementor-id=\"744\" class=\"elementor elementor-744\">\n\t\t\t\t\t\t<section class=\"elementor-section elementor-top-section elementor-element elementor-element-7e759a57 elementor-section-height-full elementor-section-boxed elementor-section-height-default elementor-section-items-middle\" data-id=\"7e759a57\" data-element_type=\"section\" data-settings=\"{&quot;background_background&quot;:&quot;classic&quot;}\">\n\t\t\t\t\t\t\t<div class=\"elementor-background-overlay\"><\/div>\n\t\t\t\t\t\t\t<div class=\"elementor-container elementor-column-gap-wide\">\n\t\t\t\t\t<div class=\"elementor-column elementor-col-50 elementor-top-column elementor-element elementor-element-30314d19\" data-id=\"30314d19\" data-element_type=\"column\" data-settings=\"{&quot;background_background&quot;:&quot;classic&quot;}\">\n\t\t\t<div class=\"elementor-widget-wrap elementor-element-populated\">\n\t\t\t\t\t\t<div class=\"elementor-element elementor-element-6d841396 elementor-invisible elementor-widget elementor-widget-heading\" data-id=\"6d841396\" data-element_type=\"widget\" data-settings=\"{&quot;_animation&quot;:&quot;fadeInLeft&quot;}\" data-widget_type=\"heading.default\">\n\t\t\t\t<div class=\"elementor-widget-container\">\n\t\t\t\t\t<h1 class=\"elementor-heading-title elementor-size-default\">Do you have questions or concerns?<\/h1>\t\t\t\t<\/div>\n\t\t\t\t<\/div>\n\t\t\t\t<div class=\"elementor-element elementor-element-2cc1a90 animated-slow elementor-invisible elementor-widget elementor-widget-heading\" data-id=\"2cc1a90\" data-element_type=\"widget\" data-settings=\"{&quot;_animation&quot;:&quot;fadeIn&quot;,&quot;_animation_delay&quot;:1000}\" data-widget_type=\"heading.default\">\n\t\t\t\t<div class=\"elementor-widget-container\">\n\t\t\t\t\t<h2 class=\"elementor-heading-title elementor-size-default\">Get personal help and support directly from me!<\/h2>\t\t\t\t<\/div>\n\t\t\t\t<\/div>\n\t\t\t\t\t<\/div>\n\t\t<\/div>\n\t\t\t\t<div class=\"elementor-column elementor-col-50 elementor-top-column elementor-element elementor-element-65b16f96\" data-id=\"65b16f96\" data-element_type=\"column\">\n\t\t\t<div class=\"elementor-widget-wrap elementor-element-populated\">\n\t\t\t\t\t\t<div class=\"elementor-element elementor-element-17a47e8a elementor-hidden-mobile elementor-widget elementor-widget-image\" data-id=\"17a47e8a\" data-element_type=\"widget\" data-widget_type=\"image.default\">\n\t\t\t\t<div class=\"elementor-widget-container\">\n\t\t\t\t\t\t\t\t\t\t\t\t\t\t\t<img decoding=\"async\" src=\"https:\/\/goalive.se\/wp-content\/uploads\/elementor\/thumbs\/Lugn-person-med-utsikt-q5g5aan0e99carikdh1hgbq6wjr9qywimkx3b8j434.jpg\" title=\"\" alt=\"\" loading=\"lazy\" \/>\t\t\t\t\t\t\t\t\t\t\t\t\t\t\t<\/div>\n\t\t\t\t<\/div>\n\t\t\t\t\t<\/div>\n\t\t<\/div>\n\t\t\t\t\t<\/div>\n\t\t<\/section>\n\t\t\t\t<section class=\"elementor-section elementor-top-section elementor-element elementor-element-610ed409 elementor-section-height-min-height elementor-section-boxed elementor-section-height-default elementor-section-items-middle\" data-id=\"610ed409\" data-element_type=\"section\" data-settings=\"{&quot;background_background&quot;:&quot;classic&quot;}\">\n\t\t\t\t\t\t<div class=\"elementor-container elementor-column-gap-wider\">\n\t\t\t\t\t<div class=\"elementor-column elementor-col-50 elementor-top-column elementor-element elementor-element-41476ab3\" data-id=\"41476ab3\" data-element_type=\"column\" data-settings=\"{&quot;animation&quot;:&quot;none&quot;}\">\n\t\t\t<div class=\"elementor-widget-wrap elementor-element-populated\">\n\t\t\t\t\t\t<div class=\"elementor-element elementor-element-2734b09 elementor-widget elementor-widget-google_maps\" data-id=\"2734b09\" data-element_type=\"widget\" data-widget_type=\"google_maps.default\">\n\t\t\t\t<div class=\"elementor-widget-container\">\n\t\t\t\t\t\t\t<div class=\"elementor-custom-embed\">\n\t\t\t<iframe loading=\"lazy\"\n\t\t\t\t\tsrc=\"https:\/\/maps.google.com\/maps?q=alpgatan%2024%20v%C3%A4xj%C3%B6&#038;t=m&#038;z=9&#038;output=embed&#038;iwloc=near\"\n\t\t\t\t\ttitle=\"alpgatan 24 v\u00e4xj\u00f6\"\n\t\t\t\t\taria-label=\"alpgatan 24 v\u00e4xj\u00f6\"\n\t\t\t><\/iframe>\n\t\t<\/div>\n\t\t\t\t\t\t<\/div>\n\t\t\t\t<\/div>\n\t\t\t\t\t<\/div>\n\t\t<\/div>\n\t\t\t\t<div class=\"elementor-column elementor-col-50 elementor-top-column elementor-element elementor-element-6026daf4\" data-id=\"6026daf4\" data-element_type=\"column\">\n\t\t\t<div class=\"elementor-widget-wrap elementor-element-populated\">\n\t\t\t\t\t\t<div class=\"elementor-element elementor-element-196784b3 elementor-widget elementor-widget-heading\" data-id=\"196784b3\" data-element_type=\"widget\" data-widget_type=\"heading.default\">\n\t\t\t\t<div class=\"elementor-widget-container\">\n\t\t\t\t\t<h2 class=\"elementor-heading-title elementor-size-default\">Contact me<\/h2>\t\t\t\t<\/div>\n\t\t\t\t<\/div>\n\t\t\t\t<div class=\"elementor-element elementor-element-47ca434b elementor-widget-divider--view-line elementor-widget elementor-widget-divider\" data-id=\"47ca434b\" data-element_type=\"widget\" data-widget_type=\"divider.default\">\n\t\t\t\t<div class=\"elementor-widget-container\">\n\t\t\t\t\t\t\t<div class=\"elementor-divider\">\n\t\t\t<span class=\"elementor-divider-separator\">\n\t\t\t\t\t\t<\/span>\n\t\t<\/div>\n\t\t\t\t\t\t<\/div>\n\t\t\t\t<\/div>\n\t\t\t\t<div class=\"elementor-element elementor-element-3aab010e elementor-widget elementor-widget-text-editor\" data-id=\"3aab010e\" data-element_type=\"widget\" data-widget_type=\"text-editor.default\">\n\t\t\t\t<div class=\"elementor-widget-container\">\n\t\t\t\t\t\t\t\t\t<p>Do you have questions and concerns about which course is for you? Do you want a tailor-made course for you or your group?<\/p><p>No matter what, you are always welcome to contact me with your questions!<\/p>\t\t\t\t\t\t\t\t<\/div>\n\t\t\t\t<\/div>\n\t\t\t\t<section class=\"elementor-section elementor-inner-section elementor-element elementor-element-7ac06bc8 elementor-section-boxed elementor-section-height-default elementor-section-height-default\" data-id=\"7ac06bc8\" data-element_type=\"section\">\n\t\t\t\t\t\t<div class=\"elementor-container elementor-column-gap-default\">\n\t\t\t\t\t<div class=\"elementor-column elementor-col-50 elementor-inner-column elementor-element elementor-element-71fe7f3b\" data-id=\"71fe7f3b\" data-element_type=\"column\">\n\t\t\t<div class=\"elementor-widget-wrap elementor-element-populated\">\n\t\t\t\t\t\t<div class=\"elementor-element elementor-element-4ecece01 elementor-view-default elementor-position-top elementor-mobile-position-top elementor-widget elementor-widget-icon-box\" data-id=\"4ecece01\" data-element_type=\"widget\" data-widget_type=\"icon-box.default\">\n\t\t\t\t<div class=\"elementor-widget-container\">\n\t\t\t\t\t\t\t<div class=\"elementor-icon-box-wrapper\">\n\n\t\t\t\t\t\t<div class=\"elementor-icon-box-icon\">\n\t\t\t\t<a href=\"tel:0768846009\" class=\"elementor-icon elementor-animation-grow\" tabindex=\"-1\" aria-label=\"Phone\">\n\t\t\t\t<i aria-hidden=\"true\" class=\"fas fa-phone\"><\/i>\t\t\t\t<\/a>\n\t\t\t<\/div>\n\t\t\t\n\t\t\t\t\t\t<div class=\"elementor-icon-box-content\">\n\n\t\t\t\t\t\t\t\t\t<h3 class=\"elementor-icon-box-title\">\n\t\t\t\t\t\t<a href=\"tel:0768846009\" >\n\t\t\t\t\t\t\tPhone\t\t\t\t\t\t<\/a>\n\t\t\t\t\t<\/h3>\n\t\t\t\t\n\t\t\t\t\t\t\t\t\t<p class=\"elementor-icon-box-description\">\n\t\t\t\t\t\t0768 846 009\t\t\t\t\t<\/p>\n\t\t\t\t\n\t\t\t<\/div>\n\t\t\t\n\t\t<\/div>\n\t\t\t\t\t\t<\/div>\n\t\t\t\t<\/div>\n\t\t\t\t\t<\/div>\n\t\t<\/div>\n\t\t\t\t<div class=\"elementor-column elementor-col-50 elementor-inner-column elementor-element elementor-element-2dd425d8\" data-id=\"2dd425d8\" data-element_type=\"column\">\n\t\t\t<div class=\"elementor-widget-wrap elementor-element-populated\">\n\t\t\t\t\t\t<div class=\"elementor-element elementor-element-227b8523 elementor-view-default elementor-position-top elementor-mobile-position-top elementor-widget elementor-widget-icon-box\" data-id=\"227b8523\" data-element_type=\"widget\" data-widget_type=\"icon-box.default\">\n\t\t\t\t<div class=\"elementor-widget-container\">\n\t\t\t\t\t\t\t<div class=\"elementor-icon-box-wrapper\">\n\n\t\t\t\t\t\t<div class=\"elementor-icon-box-icon\">\n\t\t\t\t<a href=\"mailto:olof@goalive.se\u200b\" class=\"elementor-icon elementor-animation-grow\" tabindex=\"-1\" aria-label=\"Email\">\n\t\t\t\t<i aria-hidden=\"true\" class=\"far fa-envelope\"><\/i>\t\t\t\t<\/a>\n\t\t\t<\/div>\n\t\t\t\n\t\t\t\t\t\t<div class=\"elementor-icon-box-content\">\n\n\t\t\t\t\t\t\t\t\t<h3 class=\"elementor-icon-box-title\">\n\t\t\t\t\t\t<a href=\"mailto:olof@goalive.se\u200b\" >\n\t\t\t\t\t\t\tEmail\t\t\t\t\t\t<\/a>\n\t\t\t\t\t<\/h3>\n\t\t\t\t\n\t\t\t\t\t\t\t\t\t<p class=\"elementor-icon-box-description\">\n\t\t\t\t\t\tolof@goalive.se\t\t\t\t\t<\/p>\n\t\t\t\t\n\t\t\t<\/div>\n\t\t\t\n\t\t<\/div>\n\t\t\t\t\t\t<\/div>\n\t\t\t\t<\/div>\n\t\t\t\t\t<\/div>\n\t\t<\/div>\n\t\t\t\t\t<\/div>\n\t\t<\/section>\n\t\t\t\t<section class=\"elementor-section elementor-inner-section elementor-element elementor-element-78d781a6 elementor-section-boxed elementor-section-height-default elementor-section-height-default\" data-id=\"78d781a6\" data-element_type=\"section\">\n\t\t\t\t\t\t<div class=\"elementor-container elementor-column-gap-default\">\n\t\t\t\t\t<div class=\"elementor-column elementor-col-50 elementor-inner-column elementor-element elementor-element-63fe1d35\" data-id=\"63fe1d35\" data-element_type=\"column\">\n\t\t\t<div class=\"elementor-widget-wrap elementor-element-populated\">\n\t\t\t\t\t\t<div class=\"elementor-element elementor-element-d064b25 elementor-view-default elementor-position-top elementor-mobile-position-top elementor-widget elementor-widget-icon-box\" data-id=\"d064b25\" data-element_type=\"widget\" data-widget_type=\"icon-box.default\">\n\t\t\t\t<div class=\"elementor-widget-container\">\n\t\t\t\t\t\t\t<div class=\"elementor-icon-box-wrapper\">\n\n\t\t\t\t\t\t<div class=\"elementor-icon-box-icon\">\n\t\t\t\t<span  class=\"elementor-icon elementor-animation-grow\">\n\t\t\t\t<i aria-hidden=\"true\" class=\"fas fa-map-marker-alt\"><\/i>\t\t\t\t<\/span>\n\t\t\t<\/div>\n\t\t\t\n\t\t\t\t\t\t<div class=\"elementor-icon-box-content\">\n\n\t\t\t\t\t\t\t\t\t<h3 class=\"elementor-icon-box-title\">\n\t\t\t\t\t\t<span  >\n\t\t\t\t\t\t\tAdress\t\t\t\t\t\t<\/span>\n\t\t\t\t\t<\/h3>\n\t\t\t\t\n\t\t\t\t\t\t\t\t\t<p class=\"elementor-icon-box-description\">\n\t\t\t\t\t\tGransholmsv\u00e4gen 136 Granholms\nAlpgatan 24 V\u00e4xj\u00f6\t\t\t\t\t<\/p>\n\t\t\t\t\n\t\t\t<\/div>\n\t\t\t\n\t\t<\/div>\n\t\t\t\t\t\t<\/div>\n\t\t\t\t<\/div>\n\t\t\t\t\t<\/div>\n\t\t<\/div>\n\t\t\t\t<div class=\"elementor-column elementor-col-50 elementor-inner-column elementor-element elementor-element-6ce600ca\" data-id=\"6ce600ca\" data-element_type=\"column\">\n\t\t\t<div class=\"elementor-widget-wrap\">\n\t\t\t\t\t\t\t<\/div>\n\t\t<\/div>\n\t\t\t\t\t<\/div>\n\t\t<\/section>\n\t\t\t\t\t<\/div>\n\t\t<\/div>\n\t\t\t\t\t<\/div>\n\t\t<\/section>\n\t\t\t\t<\/div>","protected":false},"excerpt":{"rendered":"<p>Har du fr\u00e5gor eller funderingar? F\u00e5 personlig hj\u00e4lp och support direkt fr\u00e5n mig! Kontakta mig Har du fr\u00e5gor och funderingar om vilken kurs som \u00e4r f\u00f6r dig? Vill du ha en skr\u00e4ddarsydd kurs f\u00f6r dig eller din grupp? Oavsett vad \u00e4r du alltid v\u00e4lkommen att kontakta mig med dina fr\u00e5gor! Telefon 0768 846 009 Email [&hellip;]<\/p>","protected":false},"author":1,"featured_media":0,"parent":0,"menu_order":0,"comment_status":"closed","ping_status":"closed","template":"","meta":{"_monsterinsights_skip_tracking":false,"_monsterinsights_sitenote_active":false,"_monsterinsights_sitenote_note":"","_monsterinsights_sitenote_category":0,"site-sidebar-layout":"no-sidebar","site-content-layout":"page-builder","ast-site-content-layout":"","site-content-style":"default","site-sidebar-style":"default","ast-global-header-display":"","ast-banner-title-visibility":"","ast-main-header-display":"","ast-hfb-above-header-display":"","ast-hfb-below-header-display":"","ast-hfb-mobile-header-display":"","site-post-title":"disabled","ast-breadcrumbs-content":"","ast-featured-img":"disabled","footer-sml-layout":"","theme-transparent-header-meta":"","adv-header-id-meta":"","stick-header-meta":"","header-above-stick-meta":"","header-main-stick-meta":"","header-below-stick-meta":"","astra-migrate-meta-layouts":"default","ast-page-background-enabled":"default","ast-page-background-meta":{"desktop":{"background-color":"var(--ast-global-color-4)","background-image":"","background-repeat":"repeat","background-position":"center center","background-size":"auto","background-attachment":"scroll","background-type":"","background-media":"","overlay-type":"","overlay-color":"","overlay-opacity":"","overlay-gradient":""},"tablet":{"background-color":"","background-image":"","background-repeat":"repeat","background-position":"center center","background-size":"auto","background-attachment":"scroll","background-type":"","background-media":"","overlay-type":"","overlay-color":"","overlay-opacity":"","overlay-gradient":""},"mobile":{"background-color":"","background-image":"","background-repeat":"repeat","background-position":"center center","background-size":"auto","background-attachment":"scroll","background-type":"","background-media":"","overlay-type":"","overlay-color":"","overlay-opacity":"","overlay-gradient":""}},"ast-content-background-meta":{"desktop":{"background-color":"var(--ast-global-color-5)","background-image":"","background-repeat":"repeat","background-position":"center center","background-size":"auto","background-attachment":"scroll","background-type":"","background-media":"","overlay-type":"","overlay-color":"","overlay-opacity":"","overlay-gradient":""},"tablet":{"background-color":"var(--ast-global-color-5)","background-image":"","background-repeat":"repeat","background-position":"center center","background-size":"auto","background-attachment":"scroll","background-type":"","background-media":"","overlay-type":"","overlay-color":"","overlay-opacity":"","overlay-gradient":""},"mobile":{"background-color":"var(--ast-global-color-5)","background-image":"","background-repeat":"repeat","background-position":"center center","background-size":"auto","background-attachment":"scroll","background-type":"","background-media":"","overlay-type":"","overlay-color":"","overlay-opacity":"","overlay-gradient":""}},"footnotes":""},"class_list":["post-744","page","type-page","status-publish","hentry"],"yoast_head":"<!-- This site is optimized with the Yoast SEO plugin v25.1 - https:\/\/yoast.com\/wordpress\/plugins\/seo\/ -->\n<title>Kontakta mig - Go Alive<\/title>\n<meta name=\"robots\" content=\"index, follow, max-snippet:-1, max-image-preview:large, max-video-preview:-1\" \/>\n<link rel=\"canonical\" href=\"https:\/\/goalive.se\/en\/kontakta-mig\/\" \/>\n<meta property=\"og:locale\" content=\"en_GB\" \/>\n<meta property=\"og:type\" content=\"article\" \/>\n<meta property=\"og:title\" content=\"Kontakta mig - Go Alive\" \/>\n<meta property=\"og:description\" content=\"Har du fr\u00e5gor eller funderingar? F\u00e5 personlig hj\u00e4lp och support direkt fr\u00e5n mig! Kontakta mig Har du fr\u00e5gor och funderingar om vilken kurs som \u00e4r f\u00f6r dig? Vill du ha en skr\u00e4ddarsydd kurs f\u00f6r dig eller din grupp? Oavsett vad \u00e4r du alltid v\u00e4lkommen att kontakta mig med dina fr\u00e5gor! Telefon 0768 846 009 Email [&hellip;]\" \/>\n<meta property=\"og:url\" content=\"https:\/\/goalive.se\/en\/kontakta-mig\/\" \/>\n<meta property=\"og:site_name\" content=\"Go Alive\" \/>\n<meta property=\"article:modified_time\" content=\"2023-11-09T16:49:04+00:00\" \/>\n<meta property=\"og:image\" content=\"https:\/\/goalive.se\/wp-content\/uploads\/elementor\/thumbs\/Lugn-person-med-utsikt-q5g5aan0e99carikdh1hgbq6wjr9qywimkx3b8j434.jpg\" \/>\n<meta name=\"twitter:card\" content=\"summary_large_image\" \/>\n<meta name=\"twitter:label1\" content=\"Estimated reading time\" \/>\n\t<meta name=\"twitter:data1\" content=\"1 minute\" \/>\n<script type=\"application\/ld+json\" class=\"yoast-schema-graph\">{\"@context\":\"https:\/\/schema.org\",\"@graph\":[{\"@type\":\"WebPage\",\"@id\":\"https:\/\/goalive.se\/kontakta-mig\/\",\"url\":\"https:\/\/goalive.se\/kontakta-mig\/\",\"name\":\"Kontakta mig - Go Alive\",\"isPartOf\":{\"@id\":\"https:\/\/goalive.se\/#website\"},\"primaryImageOfPage\":{\"@id\":\"https:\/\/goalive.se\/kontakta-mig\/#primaryimage\"},\"image\":{\"@id\":\"https:\/\/goalive.se\/kontakta-mig\/#primaryimage\"},\"thumbnailUrl\":\"https:\/\/goalive.se\/wp-content\/uploads\/elementor\/thumbs\/Lugn-person-med-utsikt-q5g5aan0e99carikdh1hgbq6wjr9qywimkx3b8j434.jpg\",\"datePublished\":\"2023-03-06T12:55:40+00:00\",\"dateModified\":\"2023-11-09T16:49:04+00:00\",\"breadcrumb\":{\"@id\":\"https:\/\/goalive.se\/kontakta-mig\/#breadcrumb\"},\"inLanguage\":\"en-GB\",\"potentialAction\":[{\"@type\":\"ReadAction\",\"target\":[\"https:\/\/goalive.se\/kontakta-mig\/\"]}]},{\"@type\":\"ImageObject\",\"inLanguage\":\"en-GB\",\"@id\":\"https:\/\/goalive.se\/kontakta-mig\/#primaryimage\",\"url\":\"https:\/\/goalive.se\/wp-content\/uploads\/elementor\/thumbs\/Lugn-person-med-utsikt-q5g5aan0e99carikdh1hgbq6wjr9qywimkx3b8j434.jpg\",\"contentUrl\":\"https:\/\/goalive.se\/wp-content\/uploads\/elementor\/thumbs\/Lugn-person-med-utsikt-q5g5aan0e99carikdh1hgbq6wjr9qywimkx3b8j434.jpg\"},{\"@type\":\"BreadcrumbList\",\"@id\":\"https:\/\/goalive.se\/kontakta-mig\/#breadcrumb\",\"itemListElement\":[{\"@type\":\"ListItem\",\"position\":1,\"name\":\"Hem\",\"item\":\"https:\/\/goalive.se\/\"},{\"@type\":\"ListItem\",\"position\":2,\"name\":\"Kontakta mig\"}]},{\"@type\":\"WebSite\",\"@id\":\"https:\/\/goalive.se\/#website\",\"url\":\"https:\/\/goalive.se\/\",\"name\":\"Go Alive\",\"description\":\"Hitta dig sj\u00e4lv\",\"publisher\":{\"@id\":\"https:\/\/goalive.se\/#organization\"},\"potentialAction\":[{\"@type\":\"SearchAction\",\"target\":{\"@type\":\"EntryPoint\",\"urlTemplate\":\"https:\/\/goalive.se\/?s={search_term_string}\"},\"query-input\":{\"@type\":\"PropertyValueSpecification\",\"valueRequired\":true,\"valueName\":\"search_term_string\"}}],\"inLanguage\":\"en-GB\"},{\"@type\":\"Organization\",\"@id\":\"https:\/\/goalive.se\/#organization\",\"name\":\"Go Alive\",\"url\":\"https:\/\/goalive.se\/\",\"logo\":{\"@type\":\"ImageObject\",\"inLanguage\":\"en-GB\",\"@id\":\"https:\/\/goalive.se\/#\/schema\/logo\/image\/\",\"url\":\"https:\/\/goalive.se\/wp-content\/uploads\/2023\/03\/Asset-24.png\",\"contentUrl\":\"https:\/\/goalive.se\/wp-content\/uploads\/2023\/03\/Asset-24.png\",\"width\":371,\"height\":150,\"caption\":\"Go Alive\"},\"image\":{\"@id\":\"https:\/\/goalive.se\/#\/schema\/logo\/image\/\"}}]}<\/script>\n<!-- \/ Yoast SEO plugin. -->","yoast_head_json":{"title":"Kontakta mig - Go Alive","robots":{"index":"index","follow":"follow","max-snippet":"max-snippet:-1","max-image-preview":"max-image-preview:large","max-video-preview":"max-video-preview:-1"},"canonical":"https:\/\/goalive.se\/en\/kontakta-mig\/","og_locale":"en_GB","og_type":"article","og_title":"Kontakta mig - Go Alive","og_description":"Har du fr\u00e5gor eller funderingar? F\u00e5 personlig hj\u00e4lp och support direkt fr\u00e5n mig! Kontakta mig Har du fr\u00e5gor och funderingar om vilken kurs som \u00e4r f\u00f6r dig? Vill du ha en skr\u00e4ddarsydd kurs f\u00f6r dig eller din grupp? Oavsett vad \u00e4r du alltid v\u00e4lkommen att kontakta mig med dina fr\u00e5gor! Telefon 0768 846 009 Email [&hellip;]","og_url":"https:\/\/goalive.se\/en\/kontakta-mig\/","og_site_name":"Go Alive","article_modified_time":"2023-11-09T16:49:04+00:00","og_image":[{"url":"https:\/\/goalive.se\/wp-content\/uploads\/elementor\/thumbs\/Lugn-person-med-utsikt-q5g5aan0e99carikdh1hgbq6wjr9qywimkx3b8j434.jpg","type":"","width":"","height":""}],"twitter_card":"summary_large_image","twitter_misc":{"Estimated reading time":"1 minute"},"schema":{"@context":"https:\/\/schema.org","@graph":[{"@type":"WebPage","@id":"https:\/\/goalive.se\/kontakta-mig\/","url":"https:\/\/goalive.se\/kontakta-mig\/","name":"Kontakta mig - Go Alive","isPartOf":{"@id":"https:\/\/goalive.se\/#website"},"primaryImageOfPage":{"@id":"https:\/\/goalive.se\/kontakta-mig\/#primaryimage"},"image":{"@id":"https:\/\/goalive.se\/kontakta-mig\/#primaryimage"},"thumbnailUrl":"https:\/\/goalive.se\/wp-content\/uploads\/elementor\/thumbs\/Lugn-person-med-utsikt-q5g5aan0e99carikdh1hgbq6wjr9qywimkx3b8j434.jpg","datePublished":"2023-03-06T12:55:40+00:00","dateModified":"2023-11-09T16:49:04+00:00","breadcrumb":{"@id":"https:\/\/goalive.se\/kontakta-mig\/#breadcrumb"},"inLanguage":"en-GB","potentialAction":[{"@type":"ReadAction","target":["https:\/\/goalive.se\/kontakta-mig\/"]}]},{"@type":"ImageObject","inLanguage":"en-GB","@id":"https:\/\/goalive.se\/kontakta-mig\/#primaryimage","url":"https:\/\/goalive.se\/wp-content\/uploads\/elementor\/thumbs\/Lugn-person-med-utsikt-q5g5aan0e99carikdh1hgbq6wjr9qywimkx3b8j434.jpg","contentUrl":"https:\/\/goalive.se\/wp-content\/uploads\/elementor\/thumbs\/Lugn-person-med-utsikt-q5g5aan0e99carikdh1hgbq6wjr9qywimkx3b8j434.jpg"},{"@type":"BreadcrumbList","@id":"https:\/\/goalive.se\/kontakta-mig\/#breadcrumb","itemListElement":[{"@type":"ListItem","position":1,"name":"Hem","item":"https:\/\/goalive.se\/"},{"@type":"ListItem","position":2,"name":"Kontakta mig"}]},{"@type":"WebSite","@id":"https:\/\/goalive.se\/#website","url":"https:\/\/goalive.se\/","name":"Go Alive","description":"Hitta dig sj\u00e4lv","publisher":{"@id":"https:\/\/goalive.se\/#organization"},"potentialAction":[{"@type":"SearchAction","target":{"@type":"EntryPoint","urlTemplate":"https:\/\/goalive.se\/?s={search_term_string}"},"query-input":{"@type":"PropertyValueSpecification","valueRequired":true,"valueName":"search_term_string"}}],"inLanguage":"en-GB"},{"@type":"Organization","@id":"https:\/\/goalive.se\/#organization","name":"Go Alive","url":"https:\/\/goalive.se\/","logo":{"@type":"ImageObject","inLanguage":"en-GB","@id":"https:\/\/goalive.se\/#\/schema\/logo\/image\/","url":"https:\/\/goalive.se\/wp-content\/uploads\/2023\/03\/Asset-24.png","contentUrl":"https:\/\/goalive.se\/wp-content\/uploads\/2023\/03\/Asset-24.png","width":371,"height":150,"caption":"Go Alive"},"image":{"@id":"https:\/\/goalive.se\/#\/schema\/logo\/image\/"}}]}},"_links":{"self":[{"href":"https:\/\/goalive.se\/en\/wp-json\/wp\/v2\/pages\/744","targetHints":{"allow":["GET"]}}],"collection":[{"href":"https:\/\/goalive.se\/en\/wp-json\/wp\/v2\/pages"}],"about":[{"href":"https:\/\/goalive.se\/en\/wp-json\/wp\/v2\/types\/page"}],"author":[{"embeddable":true,"href":"https:\/\/goalive.se\/en\/wp-json\/wp\/v2\/users\/1"}],"replies":[{"embeddable":true,"href":"https:\/\/goalive.se\/en\/wp-json\/wp\/v2\/comments?post=744"}],"version-history":[{"count":174,"href":"https:\/\/goalive.se\/en\/wp-json\/wp\/v2\/pages\/744\/revisions"}],"predecessor-version":[{"id":5403,"href":"https:\/\/goalive.se\/en\/wp-json\/wp\/v2\/pages\/744\/revisions\/5403"}],"wp:attachment":[{"href":"https:\/\/goalive.se\/en\/wp-json\/wp\/v2\/media?parent=744"}],"curies":[{"name":"wp","href":"https:\/\/api.w.org\/{rel}","templated":true}]}}